{"id":75,"date":"2012-09-07T11:56:01","date_gmt":"2012-09-07T15:56:01","guid":{"rendered":"http:\/\/prodisaseo.com\/?page_id=75"},"modified":"2012-09-10T09:39:47","modified_gmt":"2012-09-10T13:39:47","slug":"lineas-de-productos","status":"publish","type":"page","link":"http:\/\/prodisaseo.com\/index.php\/lineas-de-productos\/","title":{"rendered":"QUIENES SOMOS"},"content":{"rendered":"<p><strong> <\/strong><\/p>\n<p><strong> <\/strong><\/p>\n<p><strong> <\/strong><\/p>\n<p><strong> <\/strong><\/p>\n<p><strong> <\/strong><\/p>\n<p><strong> <\/strong><\/p>\n<p style=\"text-align: center;\"><span style=\"color: #ffffff;\"><strong>\u00bfQU\u00c9 ES PRODIS ASEO<\/strong><strong>?<\/strong><\/span><\/p>\n<p style=\"text-align: center;\"><strong><span style=\"color: #ffffff;\"><br \/>\n<\/span><\/strong><\/p>\n<p><strong><span style=\"color: #ffffff;\"> <\/span><\/strong><\/p>\n<p><span style=\"color: #ffffff;\"><strong>PRODISASEO<\/strong> es una empresa dedicada a la producci\u00f3n, comercializaci\u00f3n y prestaci\u00f3n de servicios, en la l\u00ednea de aseo para el hogar y las empresas.<strong> <\/strong><\/span><\/p>\n<p><em><span style=\"color: #ffffff;\"> <\/span><\/em><\/p>\n<p><span style=\"color: #ffffff;\">Nuestra empresa nace como alternativa de soluci\u00f3n debido a que en el centro del Valle del Cauca no existe una empresa productora y comercializadora de una variada gama de art\u00edculos de aseo a buen costo, variedad y calidad, las cuales permitan satisfacer la necesidad detectada, debido a la demanda que dichos productos han empezado a generar.<\/span><\/p>\n<p><em><span style=\"color: #ffffff;\"> <\/span><\/em><\/p>\n<p><span style=\"color: #ffffff;\"> <\/span><\/p>\n<p><span style=\"color: #ffffff;\"><br \/>\n<\/span><\/p>\n<p align=\"center\"><strong><span style=\"color: #ffffff;\">MISI\u00d3N<\/span><\/strong><\/p>\n<p align=\"center\"><strong><span style=\"color: #ffffff;\"><br \/>\n<\/span><\/strong><\/p>\n<p><strong><span style=\"color: #ffffff;\"> <\/span><\/strong><\/p>\n<p><span style=\"color: #ffffff;\"><strong>PRODISASEO<\/strong> tiene como misi\u00f3n integrar todos sus recursos, con el fin de ofrecerle a sus clientes y mercado en general, productos de aseo de excelente calidad y durabilidad, lo cual se puede lograr gracias a nuestra amplia trayectoria y experiencia en el ramo, logrando de esta forma satisfacer las necesidades de distribuidores y consumidores finales.<\/span><\/p>\n<p><span style=\"color: #ffffff;\"><br \/>\n<\/span><\/p>\n<p><span style=\"color: #ffffff;\"> <\/span><\/p>\n<p style=\"text-align: center;\"><span style=\"color: #ffffff;\"> <strong>VISI\u00d3N<\/strong><\/span><\/p>\n<p style=\"text-align: center;\"><strong><span style=\"color: #ffffff;\"><br \/>\n<\/span><\/strong><\/p>\n<p><strong><span style=\"color: #ffffff;\"> <\/span><\/strong><\/p>\n<p><span style=\"color: #ffffff;\"><strong>PRODISASEO<\/strong> para el a\u00f1o 2010, ser\u00e1 una empresa posicionada y reconocida a nivel nacional, por su excelencia en el montaje, organizaci\u00f3n y administraci\u00f3n del servicio, logrando reconocimiento de nuestros clientes y otras personas que desear\u00e1n comercializar nuestros productos y servicios.<\/span><\/p>\n<p><span style=\"color: #ffffff;\"><br \/>\n<\/span><\/p>\n<p><span style=\"color: #ffffff;\"> <\/span><\/p>\n<p style=\"text-align: center;\"><strong><span style=\"color: #ffffff;\">OBJETIVO DE LA EMPRESA<\/span><\/strong><\/p>\n<p style=\"text-align: center;\"><strong><span style=\"color: #ffffff;\"><br \/>\n<\/span><\/strong><\/p>\n<p><span style=\"color: #ffffff;\"> <\/span><\/p>\n<p><span style=\"color: #ffffff;\">Ofrecer a nuestros clientes una variada gama de art\u00edculos de aseo, los cuales logren satisfacer sus necesidades en calidad, durabilidad y bajo costo, pues nuestra experiencia y apoyo log\u00edstico as\u00ed nos lo permitir\u00e1, logrando de esta forma incursionar en nuevos mercados con el fin de ampliar nuestro campo de acci\u00f3n<\/span><\/p>\n<p><span style=\"color: #ffffff;\"><br \/>\n<\/span><\/p>\n<p><strong><span style=\"color: #ffffff;\"> <\/span><\/strong><\/p>\n<p><strong><span style=\"color: #ffffff;\"> <\/span><\/strong><\/p>\n<p align=\"center\"><strong><span style=\"color: #ffffff;\">VALORES CORPORATIVOS<\/span><\/strong><\/p>\n<p align=\"center\"><strong><span style=\"color: #ffffff;\"><br \/>\n<\/span><\/strong><\/p>\n<p><strong><span style=\"color: #ffffff;\"> <\/span><\/strong><\/p>\n<p><strong><span style=\"color: #ffffff;\"> <\/span><\/strong><\/p>\n<p><span style=\"color: #ffffff;\"><strong>CUMPLIMIENTO:<\/strong> Disposici\u00f3n de talento humano de nuestra compa\u00f1\u00eda, para cumplirle a nuestros clientes con productos de alta calidad.<\/span><\/p>\n<p><span style=\"color: #ffffff;\"> <\/span><\/p>\n<p><span style=\"color: #ffffff;\"><strong>CALIDAD:<\/strong> La cual se garantiza en todos nuestros productos y servicios, debido a que es un factor que nos caracterizar\u00e1 en el mercado<\/span><\/p>\n<p><span style=\"color: #ffffff;\"><br \/>\n<\/span><\/p>\n<p><strong><span style=\"color: #ffffff;\"> <\/span><\/strong><\/p>\n<p><strong><span style=\"color: #ffffff;\"> <\/span><\/strong><\/p>\n<p><span style=\"color: #ffffff;\"><strong>BUEN SERVICIO:<\/strong> Servimos a nuestros clientes con efectividad, para satisfacer adecuadamente y en el tiempo requerido las necesidades de nuestros clientes.<\/span><\/p>\n<p><span style=\"color: #ffffff;\"> <\/span><\/p>\n<p><span style=\"color: #ffffff;\"><strong>RESPONSABILIDAD:<\/strong> Ser una compa\u00f1\u00eda cumplidora con cualquier tipo de convenio que llegar\u00e9 a contraer con sus clientes o entidades.<\/span><\/p>\n<p><span style=\"color: #ffffff;\"> <\/span><\/p>\n<p><span style=\"color: #ffffff;\"><strong>LEALTAD:<\/strong> Acciones y actitudes propias del talento humano de la empresa, que generen incapacidad de cometer cualquier tipo de enga\u00f1o o traici\u00f3n.<\/span><\/p>\n<p><span style=\"color: #ffffff;\"> <\/span><\/p>\n<p><span style=\"color: #ffffff;\"><strong>INNOVACI\u00d3N: <\/strong>Disposici\u00f3n para introducir y crear novedades que permitan ofrecer un excelente servicio a nuestros clientes.<\/span><\/p>\n<p><strong><span style=\"color: #ffffff;\"> <\/span><\/strong><\/p>\n<p><span style=\"color: #ffffff;\"><strong>\u00c9TICA.<\/strong> La integridad \u00e7, lealtad, honradez y honestidad caracterizan todas las actividades de nuestra empresa.<\/span><\/p>\n<p><span style=\"color: #ffffff;\"> <\/span><\/p>\n<p><strong><span style=\"color: #ffffff;\"> <\/span><\/strong><\/p>\n<p><strong><span style=\"color: #ffffff;\">HORARIO DE ATENCI\u00d3N<\/span><\/strong><\/p>\n<p><span style=\"color: #ffffff;\"> <\/span><\/p>\n<p><span style=\"color: #ffffff;\">Teniendo en cuenta las necesidades de nuestros clientes, PRODISASEO es una empresa dispuesta aprestar sus servicios en el horario que nuestro cliente as\u00ed lo determine.<\/span><\/p>\n<p><span style=\"color: #ffffff;\"> <\/span><\/p>\n","protected":false},"excerpt":{"rendered":"<p>\u00bfQU\u00c9 ES PRODIS ASEO? PRODISASEO es una empresa dedicada a la producci\u00f3n, comercializaci\u00f3n y prestaci\u00f3n de servicios, en la l\u00ednea de aseo para el hogar y las empresas. Nuestra empresa nace como alternativa de soluci\u00f3n debido a que en el centro del Valle del Cauca no existe una empresa productora y comercializadora de una variada [&hellip;]<\/p>\n","protected":false},"author":1,"featured_media":0,"parent":0,"menu_order":2,"comment_status":"open","ping_status":"open","template":"","meta":[],"aioseo_notices":[],"_links":{"self":[{"href":"http:\/\/prodisaseo.com\/index.php\/wp-json\/wp\/v2\/pages\/75"}],"collection":[{"href":"http:\/\/prodisaseo.com\/index.php\/wp-json\/wp\/v2\/pages"}],"about":[{"href":"http:\/\/prodisaseo.com\/index.php\/wp-json\/wp\/v2\/types\/page"}],"author":[{"embeddable":true,"href":"http:\/\/prodisaseo.com\/index.php\/wp-json\/wp\/v2\/users\/1"}],"replies":[{"embeddable":true,"href":"http:\/\/prodisaseo.com\/index.php\/wp-json\/wp\/v2\/comments?post=75"}],"version-history":[{"count":7,"href":"http:\/\/prodisaseo.com\/index.php\/wp-json\/wp\/v2\/pages\/75\/revisions"}],"predecessor-version":[{"id":102,"href":"http:\/\/prodisaseo.com\/index.php\/wp-json\/wp\/v2\/pages\/75\/revisions\/102"}],"wp:attachment":[{"href":"http:\/\/prodisaseo.com\/index.php\/wp-json\/wp\/v2\/media?parent=75"}],"curies":[{"name":"wp","href":"https:\/\/api.w.org\/{rel}","templated":true}]}}